{"id":20,"date":"2018-10-10T10:51:21","date_gmt":"2018-10-10T08:51:21","guid":{"rendered":"https:\/\/aquazen-design.com\/?post_type=product&#038;p=20"},"modified":"2025-03-19T17:48:12","modified_gmt":"2025-03-19T16:48:12","slug":"brownbrushed","status":"publish","type":"product","link":"https:\/\/aquazen-design.com\/index.php\/product\/brownbrushed\/","title":{"rendered":"BROWN BRUSHED"},"content":{"rendered":"<p>[vc_row row_height_percent=\u00a0\u00bb0&Prime; overlay_alpha=\u00a0\u00bb50&Prime; equal_height=\u00a0\u00bbyes\u00a0\u00bb gutter_size=\u00a0\u00bb3&Prime; column_width_percent=\u00a0\u00bb100&Prime; shift_y=\u00a0\u00bb0&Prime; z_index=\u00a0\u00bb0&Prime;][vc_column width=\u00a0\u00bb1\/2&Prime;][vc_column_text]<strong>DESCRIPTION:<\/strong><\/p>\n<p>AQUAZEN\u00a0est une bougie apaisante association de lumi\u00e8re &amp; d\u2019eau. Son \u00e9l\u00e9gante robe bross\u00e9e est en cire v\u00e9ritable. Placez de l&rsquo;eau au centre et laissez-vous bercer par le son d&rsquo;une douce fontaine et d\u2019une flamme d&rsquo;eau scintillante. AQUAZEN\u00a0procure tranquillit\u00e9, confort &amp; s\u00e9r\u00e9nit\u00e9. Envie de senteur\u00a0? Versez une seule goutte d&rsquo;huile essentielle pure et l&rsquo;effet \u00ab\u00a0fontaine\u00a0\u00bb diffusera la senteur de votre choix pour une l\u00e9g\u00e8re ambiance parfum\u00e9e. Parfaite en tous lieux (bureau, salon, spa\u2026) en int\u00e9rieur comme en ext\u00e9rieur, elle est aliment\u00e9e par une batterie lithium qui la rend nomade et lui procure une autonomie de plus de 10 \u00e0 12h (en mode fontaine) pour un temps de charge de 3 \u00e0 4 h. Elle dispose de 5 led offrant une douce lumi\u00e8re tamis\u00e9e et est livr\u00e9e avec un c\u00e2ble USB pour son rechargement.[\/vc_column_text][\/vc_column][vc_column width=\u00a0\u00bb1\/2&Prime;][vc_column_text]<b>CARACT\u00c9RISTIQUES:<\/b><\/p>\n<ul>\n<li>\u2022 El\u00e9gante Robe bross\u00e9e en cire v\u00e9ritable, effet Brown Brushed<br \/>\n\u2022 Batterie lithium 18650 &#8211; 2200mAh,<br \/>\n\u2022 5 lampes LED,<br \/>\n\u2022 Pompe \u00e0 eau pour effet fontaine<br \/>\n\u2022 C\u00e2ble de recharge USB.<br \/>\n\u2022 Effet lampe d\u2019ambiance \u00e0 lumi\u00e8re tamis\u00e9e<br \/>\n\u2022 Effet Fontaine avec son de cascade apaisant et eau scintillante<br \/>\n\u2022 Effet Ambiance parfum\u00e9e aux huiles essentielles<br \/>\n\u2022 Compacte &amp; discr\u00e8te, convient en tous lieux (Bureau,Restaurant,SPA\u2026)<\/li>\n<\/ul>\n<p>[\/vc_column_text][\/vc_column][\/vc_row]<\/p>\n","protected":false},"excerpt":{"rendered":"<p>La bougie AQUAZEN trouvera sa place dans tous vos espaces, salon, salle de bain, chambre, bureau, restaurant, SPA, coin jardin\u2026pour cr\u00e9er une ambiance relaxante et paisible gr\u00e2ce \u00e0 l\u2019effet fontaine associ\u00e9 \u00e0 la douce lumi\u00e8re d\u00e9gag\u00e9e \u00e0 travers sa robe de cire, inspirant la nature et la luminosit\u00e9.<\/p>\n","protected":false},"featured_media":21,"comment_status":"open","ping_status":"closed","template":"","meta":[],"product_cat":[15],"product_tag":[],"_links":{"self":[{"href":"https:\/\/aquazen-design.com\/index.php\/wp-json\/wp\/v2\/product\/20"}],"collection":[{"href":"https:\/\/aquazen-design.com\/index.php\/wp-json\/wp\/v2\/product"}],"about":[{"href":"https:\/\/aquazen-design.com\/index.php\/wp-json\/wp\/v2\/types\/product"}],"replies":[{"embeddable":true,"href":"https:\/\/aquazen-design.com\/index.php\/wp-json\/wp\/v2\/comments?post=20"}],"wp:featuredmedia":[{"embeddable":true,"href":"https:\/\/aquazen-design.com\/index.php\/wp-json\/wp\/v2\/media\/21"}],"wp:attachment":[{"href":"https:\/\/aquazen-design.com\/index.php\/wp-json\/wp\/v2\/media?parent=20"}],"wp:term":[{"taxonomy":"product_cat","embeddable":true,"href":"https:\/\/aquazen-design.com\/index.php\/wp-json\/wp\/v2\/product_cat?post=20"},{"taxonomy":"product_tag","embeddable":true,"href":"https:\/\/aquazen-design.com\/index.php\/wp-json\/wp\/v2\/product_tag?post=20"}],"curies":[{"name":"wp","href":"https:\/\/api.w.org\/{rel}","templated":true}]}}