{"id":2,"date":"2018-10-09T12:56:38","date_gmt":"2018-10-09T10:56:38","guid":{"rendered":"https:\/\/aquazen-design.com\/?page_id=2"},"modified":"2019-01-18T13:01:31","modified_gmt":"2019-01-18T12:01:31","slug":"home","status":"publish","type":"page","link":"https:\/\/aquazen-design.com\/","title":{"rendered":"Accueil"},"content":{"rendered":"<p>[vc_row row_height_percent=\u00a0\u00bb0&Prime; overlay_alpha=\u00a0\u00bb50&Prime; gutter_size=\u00a0\u00bb3&Prime; column_width_percent=\u00a0\u00bb100&Prime; shift_y=\u00a0\u00bb0&Prime; z_index=\u00a0\u00bb0&Prime;][vc_column width=\u00a0\u00bb1\/6&Prime;][\/vc_column][vc_column column_width_percent=\u00a0\u00bb100&Prime; overlay_alpha=\u00a0\u00bb50&Prime; gutter_size=\u00a0\u00bb3&Prime; medium_width=\u00a0\u00bb0&Prime; mobile_width=\u00a0\u00bb0&Prime; shift_x=\u00a0\u00bb0&Prime; shift_y=\u00a0\u00bb0&Prime; shift_y_down=\u00a0\u00bb0&Prime; z_index=\u00a0\u00bb0&Prime; width=\u00a0\u00bb4\/6&Prime;][vc_column_text css=\u00a0\u00bb.vc_custom_1539260969216{padding-top: -20px !important;padding-right: -20px !important;padding-bottom: -20px !important;padding-left: -20px !important;}\u00a0\u00bb]<\/p>\n<h2><\/h2>\n<h2 style=\"text-align: center;\"><span class=\"font-166592 font-555555\"><strong><img class=\"wp-image-116 size-medium aligncenter\" src=\"https:\/\/aquazen-design.com\/wp-content\/uploads\/2018\/10\/montagne-300x223.jpg\" alt=\"\" width=\"300\" height=\"223\" srcset=\"https:\/\/aquazen-design.com\/wp-content\/uploads\/2018\/10\/montagne-300x223.jpg 300w, https:\/\/aquazen-design.com\/wp-content\/uploads\/2018\/10\/montagne-600x446.jpg 600w, https:\/\/aquazen-design.com\/wp-content\/uploads\/2018\/10\/montagne.jpg 614w\" sizes=\"(max-width: 300px) 100vw, 300px\" \/><\/strong><\/span><\/h2>\n<h2 style=\"text-align: center;\"><span class=\"font-166592 font-555555\"><strong>LES PURES<\/strong><\/span><\/h2>\n<p style=\"text-align: center;\">Une bougie apaisante, association de lumi\u00e8re &amp; d\u2019eau. Son \u00e9l\u00e9gante robe est en cire v\u00e9ritable. Placez de l\u2019eau au centre et laissez-vous bercer par le son d\u2019une douce fontaine et d\u2019une flamme d\u2019eau scintillante.<\/p>\n<p>[\/vc_column_text][vc_row_inner][vc_column_inner column_width_percent=\u00a0\u00bb100&Prime; align_horizontal=\u00a0\u00bbalign_center\u00a0\u00bb gutter_size=\u00a0\u00bb3&Prime; overlay_alpha=\u00a0\u00bb50&Prime; medium_width=\u00a0\u00bb0&Prime; mobile_width=\u00a0\u00bb0&Prime; shift_x=\u00a0\u00bb0&Prime; shift_y=\u00a0\u00bb0&Prime; shift_y_down=\u00a0\u00bb0&Prime; z_index=\u00a0\u00bb0&Prime; width=\u00a0\u00bb1\/3&Prime;][vc_single_image media=\u00a0\u00bb164&Prime; media_width_percent=\u00a0\u00bb100&Prime;][vc_column_text]<\/p>\n<p style=\"text-align: center;\"><span class=\"font-166592\"><strong>PURE IVORY<br \/>\n<\/strong><\/span><span class=\"font-166592\">3 tailles disponibles<br \/>\n<em>\u00e0 partir de 39.90\u20ac<\/em><\/span><\/p>\n<p>[\/vc_column_text][vc_button button_color=\u00a0\u00bbcolor-dfgh\u00a0\u00bb border_width=\u00a0\u00bb0&Prime; link=\u00a0\u00bburl:http%3A%2F%2Faquazen-design.com%2Findex.php%2Fproduct%2Fpureivory%2F|||\u00a0\u00bb]En savoir plus[\/vc_button][\/vc_column_inner][vc_column_inner column_width_percent=\u00a0\u00bb100&Prime; align_horizontal=\u00a0\u00bbalign_center\u00a0\u00bb gutter_size=\u00a0\u00bb3&Prime; overlay_alpha=\u00a0\u00bb50&Prime; medium_width=\u00a0\u00bb0&Prime; mobile_width=\u00a0\u00bb0&Prime; shift_x=\u00a0\u00bb0&Prime; shift_y=\u00a0\u00bb0&Prime; shift_y_down=\u00a0\u00bb0&Prime; z_index=\u00a0\u00bb0&Prime; width=\u00a0\u00bb1\/3&Prime;][vc_single_image media=\u00a0\u00bb159&Prime; media_width_percent=\u00a0\u00bb100&Prime;][vc_column_text]<\/p>\n<p style=\"text-align: center;\"><span class=\"font-166592\"><strong>PURE PINK<br \/>\n<\/strong><\/span><span class=\"font-166592\">3 tailles disponibles<br \/>\n<em>\u00e0 partir de 39.90\u20ac<\/em><br \/>\n<\/span><\/p>\n<p>[\/vc_column_text][vc_button button_color=\u00a0\u00bbcolor-dfgh\u00a0\u00bb border_width=\u00a0\u00bb0&Prime; link=\u00a0\u00bburl:http%3A%2F%2Faquazen-design.com%2Findex.php%2Fproduct%2Fpurepink%2F|||\u00a0\u00bb]En savoir plus[\/vc_button][\/vc_column_inner][vc_column_inner column_width_percent=\u00a0\u00bb100&Prime; align_horizontal=\u00a0\u00bbalign_center\u00a0\u00bb gutter_size=\u00a0\u00bb3&Prime; overlay_alpha=\u00a0\u00bb50&Prime; medium_width=\u00a0\u00bb0&Prime; mobile_width=\u00a0\u00bb0&Prime; shift_x=\u00a0\u00bb0&Prime; shift_y=\u00a0\u00bb0&Prime; shift_y_down=\u00a0\u00bb0&Prime; z_index=\u00a0\u00bb0&Prime; width=\u00a0\u00bb1\/3&Prime;][vc_single_image media=\u00a0\u00bb163&Prime; media_width_percent=\u00a0\u00bb100&Prime;][vc_column_text]<\/p>\n<p style=\"text-align: center;\"><span class=\"font-166592\"><strong>PURE BLUE<br \/>\n<\/strong><\/span><span class=\"font-166592\">3 tailles disponibles<br \/>\n<em>\u00e0 partir de 39.90\u20ac<\/em><br \/>\n<\/span><\/p>\n<p>[\/vc_column_text][vc_button button_color=\u00a0\u00bbcolor-dfgh\u00a0\u00bb border_width=\u00a0\u00bb0&Prime; link=\u00a0\u00bburl:http%3A%2F%2Faquazen-design.com%2Findex.php%2Fproduct%2Fbleu-pastel-s%2F|||\u00a0\u00bb]En savoir plus[\/vc_button][\/vc_column_inner][\/vc_row_inner][\/vc_column][vc_column width=\u00a0\u00bb1\/6&Prime;][\/vc_column][\/vc_row][vc_row][vc_column width=\u00a0\u00bb1\/6&Prime;][\/vc_column][vc_column width=\u00a0\u00bb4\/6&Prime;][vc_column_text]<\/p>\n<h2 style=\"text-align: center;\"><span class=\"font-166592 font-555555\"><strong><img class=\"aligncenter wp-image-168 size-thumbnail\" src=\"https:\/\/aquazen-design.com\/wp-content\/uploads\/2018\/10\/lignewood-150x13.jpg\" alt=\"\" width=\"150\" height=\"13\" \/><\/strong><\/span><\/h2>\n<h2 style=\"text-align: center;\"><span class=\"font-555555 font-112898\"><strong>LES BRUSHED<\/strong><\/span><\/h2>\n<p style=\"text-align: center;\">Une bougie apaisante, association de lumi\u00e8re &amp; d\u2019eau. Son \u00e9l\u00e9gante robe est en cire v\u00e9ritable. Placez de l\u2019eau au centre et laissez-vous bercer par le son d\u2019une douce fontaine et d\u2019une flamme d\u2019eau scintillante.<\/p>\n<p>[\/vc_column_text][vc_row_inner][vc_column_inner column_width_percent=\u00a0\u00bb100&Prime; align_horizontal=\u00a0\u00bbalign_center\u00a0\u00bb gutter_size=\u00a0\u00bb3&Prime; overlay_alpha=\u00a0\u00bb50&Prime; medium_width=\u00a0\u00bb0&Prime; mobile_width=\u00a0\u00bb0&Prime; shift_x=\u00a0\u00bb0&Prime; shift_y=\u00a0\u00bb0&Prime; shift_y_down=\u00a0\u00bb0&Prime; z_index=\u00a0\u00bb0&Prime; width=\u00a0\u00bb1\/2&Prime;][vc_single_image media=\u00a0\u00bb158&Prime; media_width_percent=\u00a0\u00bb60&Prime; alignment=\u00a0\u00bbcenter\u00a0\u00bb][vc_column_text]<\/p>\n<p style=\"text-align: center;\"><span class=\"font-166592\"><strong>BROWN BRUSHED<br \/>\n<\/strong><\/span><span class=\"font-166592\">3 tailles disponibles<br \/>\n<em>\u00e0 partir de 39.90\u20ac<\/em><br \/>\n<\/span><\/p>\n<p>[\/vc_column_text][vc_button button_color=\u00a0\u00bbcolor-dfgh\u00a0\u00bb border_width=\u00a0\u00bb0&Prime; link=\u00a0\u00bburl:http%3A%2F%2Faquazen-design.com%2Findex.php%2Fproduct%2Fbrownwood%2F|||\u00a0\u00bb]En savoir plus[\/vc_button][\/vc_column_inner][vc_column_inner column_width_percent=\u00a0\u00bb100&Prime; align_horizontal=\u00a0\u00bbalign_center\u00a0\u00bb gutter_size=\u00a0\u00bb3&Prime; overlay_alpha=\u00a0\u00bb50&Prime; medium_width=\u00a0\u00bb0&Prime; mobile_width=\u00a0\u00bb0&Prime; shift_x=\u00a0\u00bb0&Prime; shift_y=\u00a0\u00bb0&Prime; shift_y_down=\u00a0\u00bb0&Prime; z_index=\u00a0\u00bb0&Prime; width=\u00a0\u00bb1\/2&Prime;][vc_single_image media=\u00a0\u00bb161&Prime; media_width_percent=\u00a0\u00bb60&Prime; alignment=\u00a0\u00bbcenter\u00a0\u00bb][vc_column_text]<\/p>\n<p style=\"text-align: center;\"><span class=\"font-166592\"><strong>BLUE BRUSHED<br \/>\n<\/strong><\/span><span class=\"font-166592\">3 tailles disponibles<br \/>\n<em>\u00e0 partir de 39.90\u20ac<\/em><br \/>\n<\/span><\/p>\n<p>[\/vc_column_text][vc_button button_color=\u00a0\u00bbcolor-dfgh\u00a0\u00bb border_width=\u00a0\u00bb0&Prime; link=\u00a0\u00bburl:http%3A%2F%2Faquazen-design.com%2Findex.php%2Fproduct%2Fbluewood%2F|||\u00a0\u00bb]En savoir plus[\/vc_button][\/vc_column_inner][\/vc_row_inner][vc_row_inner][vc_column_inner column_width_percent=\u00a0\u00bb100&Prime; align_horizontal=\u00a0\u00bbalign_center\u00a0\u00bb gutter_size=\u00a0\u00bb3&Prime; overlay_alpha=\u00a0\u00bb50&Prime; medium_width=\u00a0\u00bb0&Prime; mobile_width=\u00a0\u00bb0&Prime; shift_x=\u00a0\u00bb0&Prime; shift_y=\u00a0\u00bb0&Prime; shift_y_down=\u00a0\u00bb0&Prime; z_index=\u00a0\u00bb0&Prime; width=\u00a0\u00bb1\/2&Prime;][vc_single_image media=\u00a0\u00bb294&Prime; media_width_percent=\u00a0\u00bb60&Prime; alignment=\u00a0\u00bbcenter\u00a0\u00bb][vc_column_text]<\/p>\n<p style=\"text-align: center;\"><span class=\"font-166592\"><strong>PINK BRUSHED<br \/>\n<\/strong><\/span><span class=\"font-166592\">2 tailles disponibles<br \/>\n<em>\u00e0 partir de 39.90\u20ac<\/em><br \/>\n<\/span><\/p>\n<p>[\/vc_column_text][vc_button button_color=\u00a0\u00bbcolor-dfgh\u00a0\u00bb border_width=\u00a0\u00bb0&Prime; link=\u00a0\u00bburl:http%3A%2F%2Faquazen-design.com%2Findex.php%2Fproduct%2Fpink-brushed%2F|||\u00a0\u00bb]En savoir plus[\/vc_button][\/vc_column_inner][vc_column_inner column_width_percent=\u00a0\u00bb100&Prime; align_horizontal=\u00a0\u00bbalign_center\u00a0\u00bb gutter_size=\u00a0\u00bb3&Prime; overlay_alpha=\u00a0\u00bb50&Prime; medium_width=\u00a0\u00bb0&Prime; mobile_width=\u00a0\u00bb0&Prime; shift_x=\u00a0\u00bb0&Prime; shift_y=\u00a0\u00bb0&Prime; shift_y_down=\u00a0\u00bb0&Prime; z_index=\u00a0\u00bb0&Prime; width=\u00a0\u00bb1\/2&Prime;][vc_single_image media=\u00a0\u00bb306&Prime; media_width_percent=\u00a0\u00bb60&Prime; alignment=\u00a0\u00bbcenter\u00a0\u00bb][vc_column_text]<\/p>\n<p style=\"text-align: center;\"><span class=\"font-166592\"><strong>VANILLE BRUSHED<br \/>\n<\/strong><\/span><span class=\"font-166592\">3 tailles disponibles<br \/>\n<em>\u00e0 partir de 39.90\u20ac<\/em><br \/>\n<\/span><\/p>\n<p>[\/vc_column_text][vc_button button_color=\u00a0\u00bbcolor-dfgh\u00a0\u00bb border_width=\u00a0\u00bb0&Prime; link=\u00a0\u00bburl:%23|||\u00a0\u00bb]En savoir plus[\/vc_button][\/vc_column_inner][\/vc_row_inner][\/vc_column][vc_column width=\u00a0\u00bb1\/6&Prime;][\/vc_column][\/vc_row][vc_row row_height_percent=\u00a0\u00bb0&Prime; back_image=\u00a0\u00bb121&Prime; overlay_alpha=\u00a0\u00bb50&Prime; gutter_size=\u00a0\u00bb3&Prime; column_width_percent=\u00a0\u00bb100&Prime; shift_y=\u00a0\u00bb0&Prime; z_index=\u00a0\u00bb0&Prime;][vc_column width=\u00a0\u00bb1\/6&Prime;][\/vc_column][vc_column width=\u00a0\u00bb4\/6&Prime;][vc_column_text]<\/p>\n<h2 style=\"text-align: center;\"><span class=\"font-166592 font-555555\"><strong><img class=\"aligncenter wp-image-112 size-full\" src=\"https:\/\/aquazen-design.com\/wp-content\/uploads\/2018\/10\/43746908_502391636934039_2557032337569218560_n-e1539251179297.png\" alt=\"\" width=\"150\" height=\"15\" \/><\/strong><\/span><\/h2>\n<h2 style=\"text-align: center;\"><span style=\"color: #ffffff;\">NOS EDITIONS LIMIT\u00c9ES<\/span><\/h2>\n<h2 style=\"text-align: center;\"><\/h2>\n<h2 style=\"text-align: center;\"><span style=\"color: #ffffff; font-size: 16px;\">Une bougie apaisante, association de lumi\u00e8re &amp; d\u2019eau. Son \u00e9l\u00e9gante robe est en cire v\u00e9ritable. Placez de l\u2019eau au centre et laissez-vous bercer par le son d\u2019une douce fontaine et d\u2019une flamme d\u2019eau scintillante.<\/span><\/h2>\n<p>[\/vc_column_text][\/vc_column][vc_column width=\u00a0\u00bb1\/6&Prime;][\/vc_column][\/vc_row][vc_row][vc_column width=\u00a0\u00bb1\/6&Prime;][\/vc_column][vc_column width=\u00a0\u00bb4\/6&Prime;][vc_row_inner][vc_column_inner column_width_percent=\u00a0\u00bb100&Prime; align_horizontal=\u00a0\u00bbalign_center\u00a0\u00bb gutter_size=\u00a0\u00bb3&Prime; overlay_alpha=\u00a0\u00bb50&Prime; medium_width=\u00a0\u00bb0&Prime; mobile_width=\u00a0\u00bb0&Prime; shift_x=\u00a0\u00bb0&Prime; shift_y=\u00a0\u00bb0&Prime; shift_y_down=\u00a0\u00bb0&Prime; z_index=\u00a0\u00bb0&Prime; width=\u00a0\u00bb1\/2&Prime;][vc_single_image media=\u00a0\u00bb160&Prime; media_width_percent=\u00a0\u00bb60&Prime; alignment=\u00a0\u00bbcenter\u00a0\u00bb][vc_column_text]<\/p>\n<p style=\"text-align: center;\"><span class=\"font-166592\"><strong>RED TWIST<br \/>\n<\/strong><\/span><span class=\"font-166592\">3 tailles disponibles<br \/>\n<em>\u00e0 partir de 49.90\u20ac<\/em><br \/>\n<\/span><\/p>\n<p>[\/vc_column_text][vc_button button_color=\u00a0\u00bbcolor-dfgh\u00a0\u00bb border_width=\u00a0\u00bb0&Prime; link=\u00a0\u00bburl:http%3A%2F%2Faquazen-design.com%2Findex.php%2Fproduct%2Fredtwist%2F|||\u00a0\u00bb]En savoir plus[\/vc_button][\/vc_column_inner][vc_column_inner column_width_percent=\u00a0\u00bb100&Prime; align_horizontal=\u00a0\u00bbalign_center\u00a0\u00bb gutter_size=\u00a0\u00bb3&Prime; overlay_alpha=\u00a0\u00bb50&Prime; medium_width=\u00a0\u00bb0&Prime; mobile_width=\u00a0\u00bb0&Prime; shift_x=\u00a0\u00bb0&Prime; shift_y=\u00a0\u00bb0&Prime; shift_y_down=\u00a0\u00bb0&Prime; z_index=\u00a0\u00bb0&Prime; width=\u00a0\u00bb1\/2&Prime;][vc_single_image media=\u00a0\u00bb124&Prime; media_width_percent=\u00a0\u00bb60&Prime; alignment=\u00a0\u00bbcenter\u00a0\u00bb][vc_column_text]<\/p>\n<p style=\"text-align: center;\"><span class=\"font-166592\"><strong>BROKEN MIRROR<br \/>\n<\/strong><\/span><span class=\"font-166592\">3 tailles disponibles<br \/>\n<em>\u00e0 partir de 49.90\u20ac<\/em><br \/>\n<\/span><\/p>\n<p>[\/vc_column_text][vc_button button_color=\u00a0\u00bbcolor-dfgh\u00a0\u00bb border_width=\u00a0\u00bb0&Prime;]En savoir plus[\/vc_button][\/vc_column_inner][\/vc_row_inner][vc_row_inner][vc_column_inner column_width_percent=\u00a0\u00bb100&Prime; align_horizontal=\u00a0\u00bbalign_center\u00a0\u00bb gutter_size=\u00a0\u00bb3&Prime; overlay_alpha=\u00a0\u00bb50&Prime; medium_width=\u00a0\u00bb0&Prime; mobile_width=\u00a0\u00bb0&Prime; shift_x=\u00a0\u00bb0&Prime; shift_y=\u00a0\u00bb0&Prime; shift_y_down=\u00a0\u00bb0&Prime; z_index=\u00a0\u00bb0&Prime; width=\u00a0\u00bb1\/2&Prime;][vc_single_image media=\u00a0\u00bb160&Prime; media_width_percent=\u00a0\u00bb60&Prime; alignment=\u00a0\u00bbcenter\u00a0\u00bb][vc_column_text]<\/p>\n<p style=\"text-align: center;\"><span class=\"font-166592\"><strong>MOSAIC BLUE<br \/>\n<\/strong><\/span><span class=\"font-166592\">M(16cm)<br \/>\n<em>59.90\u20ac<\/em><br \/>\n<\/span><\/p>\n<p>[\/vc_column_text][vc_button button_color=\u00a0\u00bbcolor-dfgh\u00a0\u00bb border_width=\u00a0\u00bb0&Prime; link=\u00a0\u00bburl:http%3A%2F%2Faquazen-design.com%2Findex.php%2Fproduct%2Fredtwist%2F|||\u00a0\u00bb]En savoir plus[\/vc_button][\/vc_column_inner][vc_column_inner column_width_percent=\u00a0\u00bb100&Prime; align_horizontal=\u00a0\u00bbalign_center\u00a0\u00bb gutter_size=\u00a0\u00bb3&Prime; overlay_alpha=\u00a0\u00bb50&Prime; medium_width=\u00a0\u00bb0&Prime; mobile_width=\u00a0\u00bb0&Prime; shift_x=\u00a0\u00bb0&Prime; shift_y=\u00a0\u00bb0&Prime; shift_y_down=\u00a0\u00bb0&Prime; z_index=\u00a0\u00bb0&Prime; width=\u00a0\u00bb1\/2&Prime;][vc_single_image media=\u00a0\u00bb296&Prime; media_width_percent=\u00a0\u00bb60&Prime; alignment=\u00a0\u00bbcenter\u00a0\u00bb][vc_column_text]<\/p>\n<p style=\"text-align: center;\"><span class=\"font-166592\"><strong>MOSAIC GREEN<br \/>\n<\/strong>M(16cm)<br \/>\n<em>59.90\u20ac<\/em><\/span><\/p>\n<p>[\/vc_column_text][vc_button button_color=\u00a0\u00bbcolor-dfgh\u00a0\u00bb border_width=\u00a0\u00bb0&Prime;]En savoir plus[\/vc_button][\/vc_column_inner][\/vc_row_inner][vc_row_inner][vc_column_inner column_width_percent=\u00a0\u00bb100&Prime; align_horizontal=\u00a0\u00bbalign_center\u00a0\u00bb gutter_size=\u00a0\u00bb3&Prime; overlay_alpha=\u00a0\u00bb50&Prime; medium_width=\u00a0\u00bb0&Prime; mobile_width=\u00a0\u00bb0&Prime; shift_x=\u00a0\u00bb0&Prime; shift_y=\u00a0\u00bb0&Prime; shift_y_down=\u00a0\u00bb0&Prime; z_index=\u00a0\u00bb0&Prime; width=\u00a0\u00bb1\/2&Prime;][vc_single_image media=\u00a0\u00bb297&Prime; media_width_percent=\u00a0\u00bb60&Prime; alignment=\u00a0\u00bbcenter\u00a0\u00bb][vc_column_text]<\/p>\n<p style=\"text-align: center;\"><span class=\"font-166592\"><strong>MOSAIC GOLD<br \/>\n<\/strong><\/span><span class=\"font-166592\">M(16cm)<br \/>\n<em>59.90\u20ac<\/em><br \/>\n<\/span><\/p>\n<p>[\/vc_column_text][vc_button button_color=\u00a0\u00bbcolor-dfgh\u00a0\u00bb border_width=\u00a0\u00bb0&Prime; link=\u00a0\u00bburl:http%3A%2F%2Faquazen-design.com%2Findex.php%2Fproduct%2Fredtwist%2F|||\u00a0\u00bb]En savoir plus[\/vc_button][\/vc_column_inner][vc_column_inner column_width_percent=\u00a0\u00bb100&Prime; align_horizontal=\u00a0\u00bbalign_center\u00a0\u00bb gutter_size=\u00a0\u00bb3&Prime; overlay_alpha=\u00a0\u00bb50&Prime; medium_width=\u00a0\u00bb0&Prime; mobile_width=\u00a0\u00bb0&Prime; shift_x=\u00a0\u00bb0&Prime; shift_y=\u00a0\u00bb0&Prime; shift_y_down=\u00a0\u00bb0&Prime; z_index=\u00a0\u00bb0&Prime; width=\u00a0\u00bb1\/2&Prime;][vc_single_image media=\u00a0\u00bb298&Prime; media_width_percent=\u00a0\u00bb60&Prime; alignment=\u00a0\u00bbcenter\u00a0\u00bb][vc_column_text]<\/p>\n<p style=\"text-align: center;\"><span class=\"font-166592\"><strong>MOSAIC RUBIS RED<br \/>\n<\/strong>M(16cm)<br \/>\n<em>59.90\u20ac<\/em><\/span><\/p>\n<p>[\/vc_column_text][vc_button button_color=\u00a0\u00bbcolor-dfgh\u00a0\u00bb border_width=\u00a0\u00bb0&Prime;]En savoir plus[\/vc_button][\/vc_column_inner][\/vc_row_inner][\/vc_column][vc_column width=\u00a0\u00bb1\/6&Prime;][\/vc_column][\/vc_row][vc_row][vc_column width=\u00a0\u00bb1\/1&Prime;][\/vc_column][\/vc_row]<\/p>\n","protected":false},"excerpt":{"rendered":"<p>[vc_row row_height_percent=\u00a0\u00bb0&Prime; overlay_alpha=\u00a0\u00bb50&Prime; gutter_size=\u00a0\u00bb3&Prime; column_width_percent=\u00a0\u00bb100&Prime; shift_y=\u00a0\u00bb0&Prime; z_index=\u00a0\u00bb0&Prime;][vc_column width=\u00a0\u00bb1\/6&Prime;][\/vc_column][vc_column column_width_percent=\u00a0\u00bb100&Prime; overlay_alpha=\u00a0\u00bb50&Prime; gutter_size=\u00a0\u00bb3&Prime; medium_width=\u00a0\u00bb0&Prime; mobile_width=\u00a0\u00bb0&Prime; shift_x=\u00a0\u00bb0&Prime; shift_y=\u00a0\u00bb0&Prime; shift_y_down=\u00a0\u00bb0&Prime; z_index=\u00a0\u00bb0&Prime; width=\u00a0\u00bb4\/6&Prime;][vc_column_text css=\u00a0\u00bb.vc_custom_1539260969216{padding-top: -20px [&hellip;]<\/p>\n","protected":false},"author":1,"featured_media":0,"parent":0,"menu_order":0,"comment_status":"closed","ping_status":"open","template":"","meta":[],"_links":{"self":[{"href":"https:\/\/aquazen-design.com\/index.php\/wp-json\/wp\/v2\/pages\/2"}],"collection":[{"href":"https:\/\/aquazen-design.com\/index.php\/wp-json\/wp\/v2\/pages"}],"about":[{"href":"https:\/\/aquazen-design.com\/index.php\/wp-json\/wp\/v2\/types\/page"}],"author":[{"embeddable":true,"href":"https:\/\/aquazen-design.com\/index.php\/wp-json\/wp\/v2\/users\/1"}],"replies":[{"embeddable":true,"href":"https:\/\/aquazen-design.com\/index.php\/wp-json\/wp\/v2\/comments?post=2"}],"version-history":[{"count":0,"href":"https:\/\/aquazen-design.com\/index.php\/wp-json\/wp\/v2\/pages\/2\/revisions"}],"wp:attachment":[{"href":"https:\/\/aquazen-design.com\/index.php\/wp-json\/wp\/v2\/media?parent=2"}],"curies":[{"name":"wp","href":"https:\/\/api.w.org\/{rel}","templated":true}]}}