{"id":172,"date":"2018-10-12T10:35:03","date_gmt":"2018-10-12T08:35:03","guid":{"rendered":"http:\/\/aquazen-design.com\/?page_id=172"},"modified":"2018-10-28T16:33:22","modified_gmt":"2018-10-28T15:33:22","slug":"a-propos","status":"publish","type":"page","link":"https:\/\/aquazen-design.com\/index.php\/a-propos\/","title":{"rendered":"A propos"},"content":{"rendered":"<p>[vc_row][vc_column width=\u00a0\u00bb1\/1&Prime;][vc_column_text]Aquazen est n\u00e9e d\u2019une rencontre entre cr\u00e9ateurs passionn\u00e9s de produits atypiques, originaux et innovants. Nos cr\u00e9ations cherchent \u00e0 \u00eatre des vecteurs de bien-\u00eatre au quotidien. Ils suscitent la curiosit\u00e9, apportent des ambiances r\u00e9confortantes, de la convivialit\u00e9 et s\u2019inscrivent dans des moments de d\u00e9tente pour prendre soin de soi\u2026et des autres.<span class=\"Apple-converted-space\">\u00a0<\/span><\/p>\n<p>Notre objectif est de se r\u00e9inventer en permanence autour du bien-\u00eatre personnel, bien vivre chez soi &amp; au travail pour apporter au corps et \u00e0 l\u2019esprit tout ce qui est n\u00e9cessaire pour \u00e9vacuer le stress en cr\u00e9ant des atmosph\u00e8res paisibles ou des produits qui vous aiderons \u00e0 vous sentir mieux.[\/vc_column_text][\/vc_column][\/vc_row]<\/p>\n","protected":false},"excerpt":{"rendered":"<p>[vc_row][vc_column width=\u00a0\u00bb1\/1&Prime;][vc_column_text]Aquazen est n\u00e9e d\u2019une rencontre entre cr\u00e9ateurs passionn\u00e9s de produits atypiques, originaux et innovants. Nos cr\u00e9ations cherchent \u00e0 \u00eatre [&hellip;]<\/p>\n","protected":false},"author":1,"featured_media":0,"parent":0,"menu_order":0,"comment_status":"closed","ping_status":"closed","template":"","meta":[],"_links":{"self":[{"href":"https:\/\/aquazen-design.com\/index.php\/wp-json\/wp\/v2\/pages\/172"}],"collection":[{"href":"https:\/\/aquazen-design.com\/index.php\/wp-json\/wp\/v2\/pages"}],"about":[{"href":"https:\/\/aquazen-design.com\/index.php\/wp-json\/wp\/v2\/types\/page"}],"author":[{"embeddable":true,"href":"https:\/\/aquazen-design.com\/index.php\/wp-json\/wp\/v2\/users\/1"}],"replies":[{"embeddable":true,"href":"https:\/\/aquazen-design.com\/index.php\/wp-json\/wp\/v2\/comments?post=172"}],"version-history":[{"count":0,"href":"https:\/\/aquazen-design.com\/index.php\/wp-json\/wp\/v2\/pages\/172\/revisions"}],"wp:attachment":[{"href":"https:\/\/aquazen-design.com\/index.php\/wp-json\/wp\/v2\/media?parent=172"}],"curies":[{"name":"wp","href":"https:\/\/api.w.org\/{rel}","templated":true}]}}