{"id":110,"date":"2018-10-11T10:23:24","date_gmt":"2018-10-11T08:23:24","guid":{"rendered":"https:\/\/aquazen-design.com\/?page_id=110"},"modified":"2018-10-22T21:53:56","modified_gmt":"2018-10-22T19:53:56","slug":"conditions-generales","status":"publish","type":"page","link":"https:\/\/aquazen-design.com\/index.php\/conditions-generales\/","title":{"rendered":"Conditions G\u00e9n\u00e9rales"},"content":{"rendered":"<p>[vc_row][vc_column width=\u00a0\u00bb1\/1&Prime;][vc_column_text]<b>CONDITIONS GENERALES DE VENTE DU SITE\u00a0 AQUAZEN-DESIGN RUBRIQUE \u00ab\u00a0ESHOP\u00a0\u00bb<\/b><\/p>\n<p><b>ENTRE LES SOUSSIGNEES<\/b>\u00a0:<\/p>\n<p><b>SD CORP<\/b><\/p>\n<p>Soci\u00e9t\u00e9 par actions simplifi\u00e9e au capital de 10.124 \u20ac<\/p>\n<p>Dont le si\u00e8ge social est sis, 25, rue\u00a0Tronchet 75008 PARIS<\/p>\n<p>Immatricul\u00e9e au RCS de PARIS sous le num\u00e9ro 533\u00a0389\u00a0904<\/p>\n<p>Prise en la personne de son repr\u00e9sentant l\u00e9gal domicili\u00e9e en cette qualit\u00e9 audit si\u00e8ge<\/p>\n<p>Ci-apr\u00e8s d\u00e9sign\u00e9e le \u00ab\u00a0Vendeur\u00a0\u00bb<\/p>\n<p><b>D\u2019une part<\/b>,<\/p>\n<p>Et,<\/p>\n<p>Les personnes souhaitant effectuer un achat via le Site Internet\u00a0<a href=\"https:\/\/aquazen-design.com\">www.aquazen-design.com<\/a><\/p>\n<p>Ci-apr\u00e8s d\u00e9nomm\u00e9es l\u2019\u00a0\u00ab\u00a0Utilisateur\u00a0\u00bb<\/p>\n<p><b>D\u2019autre part<\/b>,<\/p>\n<p><b>ETANT PREALABLEMENT RAPPELE QUE<\/b>\u00a0:<\/p>\n<p>Les pr\u00e9sentes Conditions ne concernent que les Utilisateurs qui sont des personnes physiques non commer\u00e7antes.<\/p>\n<p>Les parties conviennent que leurs relations seront r\u00e9gies exclusivement par les pr\u00e9sentes Conditions, \u00e0 l\u2019exclusion de toute condition pr\u00e9alablement disponible sur le site.<\/p>\n<p>L\u2019Utilisateur est li\u00e9 par les pr\u00e9sentes Conditions d\u00e8s lors qu\u2019il effectue une commande sur le Site Internet\u00a0<a href=\"https:\/\/aquazen-design.com\">www.aquazen-design.com<\/a><\/p>\n<p>Si l\u2019Utilisateur n\u2019est pas d\u2019accord avec l\u2019int\u00e9gralit\u00e9 des pr\u00e9sentes Conditions, il ne doit en aucun cas passer une commande.<\/p>\n<p><b>ARTICLE 1. DEFINITIONS<\/b><\/p>\n<p>1.1. \u2212 Utilisateur d\u00e9signe tout utilisateur qui navigue, prend connaissance, r\u00e9serve, commande et\/ou ach\u00e8te un produit propos\u00e9 sur le site <a href=\"https:\/\/aquazen-design.com\">www.aquazen-design.com<\/a>, rubrique \u00ab\u00a0Eshop\u00a0\u00bb.<\/p>\n<p>1.2. \u2013 Produit d\u00e9signe tout produit propos\u00e9 sur le site, rubrique \u00ab\u00a0Eshop\u00a0\u00bb<\/p>\n<p>1.3. \u2013 Site d\u00e9signe l\u2019infrastructure d\u00e9velopp\u00e9e par le Vendeur selon les formats informatiques utilisables sur l\u2019Internet comprenant des donn\u00e9es de diff\u00e9rentes natures, et notamment des textes, sons, images fixes ou anim\u00e9es, vid\u00e9os, bases de donn\u00e9es, destin\u00e9es \u00e0 \u00eatre consult\u00e9es par l\u2019Utilisateur pour conna\u00eetre ses produits et services.<\/p>\n<p>1.4. \u2013 Internet d\u00e9signe diff\u00e9rents r\u00e9seaux de serveurs localis\u00e9s en divers lieux \u00e0 travers le monde, reli\u00e9s entre eux \u00e0 l\u2019aide de r\u00e9seaux de communication, et communiquant \u00e0 l\u2019aide d\u2019un protocole sp\u00e9cifique connu sous le nom de TCP\/IP.<\/p>\n<p><b>ARTICLE 2. OBJET<\/b><\/p>\n<p>Les pr\u00e9sentes conditions visent \u00e0 d\u00e9finir les modalit\u00e9s de vente entre le Vendeur et l\u2019utilisateur, de la passation de commande aux services apr\u00e8s-vente, en passant par le paiement et la livraison.<\/p>\n<p>Comme rappel\u00e9 \u00e0 titre introductif, les pr\u00e9sentes Conditions concernent \u00e0 titre exclusif les personnes physiques non commer\u00e7antes.<\/p>\n<p><b>ARTICLE 3. COMMANDE<\/b><\/p>\n<p>L\u2019Utilisateur a la possibilit\u00e9 de passer sa commande en ligne \u00e0 partir du catalogue en ligne sur le site Internet\u00a0<a href=\"https:\/\/aquazen-design.com\">www.aquazen-design.com<\/a>, rubrique \u00ab\u00a0Eshop\u00a0\u00bb.<\/p>\n<p>La commande ne peut \u00eatre enregistr\u00e9e sur le site que si l\u2019Utilisateur s\u2019est clairement identifi\u00e9 par l\u2019entr\u00e9e de son code client et de son mot de passe, qui lui sont strictement personnels.<\/p>\n<p>Toute commande vaut acceptation des prix et de la description des produits disponibles \u00e0 la vente.<\/p>\n<p>Toute contestation sur ce point interviendra dans le cadre d\u2019un \u00e9ventuel \u00e9change et des garanties ci-dessous mentionn\u00e9es.<\/p>\n<p>L\u2019utilisateur a la possibilit\u00e9 de modifier son panier avant la validation finale, cette derni\u00e8re \u00e9tape formalisant le contrat de vente entre le Vendeur et l\u2019Utilisateur.<\/p>\n<p>En effet, d\u00e8s lors que l\u2019Utilisateur aura cliqu\u00e9 sur le bouton \u00ab\u00a0VALIDER MA COMMANDE\u00a0\u00bb apr\u00e8s le processus de commande, ce dernier d\u00e9clare accepter l\u2019int\u00e9gralit\u00e9 des pr\u00e9sentes conditions g\u00e9n\u00e9rales de vente pleinement et sans r\u00e9serve.<\/p>\n<p>Le Vendeur se r\u00e9serve le droit d\u2019annuler ou de refuser toute commande d\u2019un Utilisateur avec lequel il existerait un litige relatif au paiement ou \u00e0 des abus li\u00e9s \u00e0 une commande ant\u00e9rieure.<\/p>\n<p>Le Vendeur s\u2019engage \u00e0 honorer les commandes re\u00e7ues sur le site Internet uniquement dans la limite des stocks disponibles des produits. \u00c0 d\u00e9faut de disponibilit\u00e9 du produit, le Vendeur s\u2019engage \u00e0 en informer l\u2019Utilisateur.<\/p>\n<p><b>ARTICLE 4. VALIDITE DE LA COMMANDE<\/b><\/p>\n<p>Tout Utilisateur du site non titulaire d\u2019un num\u00e9ro de client devra suivre une proc\u00e9dure d\u2019inscription lui permettant d\u2019obtenir son num\u00e9ro de client.<\/p>\n<p>Ce num\u00e9ro est personnel. Toute perte ou oubli devra \u00eatre d\u00e9nonc\u00e9 aux services du Vendeur \u00e0 bref d\u00e9lai en contactant le service client du Vendeur, en remplissant le formulaire pr\u00e9vu sur le site\u00a0<a href=\"https:\/\/aquazen-design.com\">www.aquazen-design.com<\/a><\/p>\n<p>Dans tous les cas, la fourniture en ligne du num\u00e9ro de carte bancaire et la validation finale de la commande vaudront preuve de l\u2019int\u00e9gralit\u00e9 de ladite commande conform\u00e9ment aux dispositions de la\u00a0<a href=\"https:\/\/biblionum.u-paris2.fr\/http\/www.lexisnexis.com:80\/fr\/droit\/search\/runremotelink.do?langcountry=fr&amp;linkinfo=f%252523fr%252523fr_acts%252523enactdate%25252520000313%252525acttype%252525loi%252525sel1%2525252000%252525&amp;risb=21_t10559621096&amp;bct=a&amp;service=citation&amp;a=0.774688961482785\">loi du 13\u00a0mars 2000<\/a>\u00a0et vaudront exigibilit\u00e9 des sommes engag\u00e9es par la commande.<\/p>\n<p>Cette validation vaut signature et acception expresse de toutes les op\u00e9rations effectu\u00e9es sur le site.<\/p>\n<p>Toutefois, en cas d\u2019utilisation frauduleuse de sa carte bancaire, le client est invit\u00e9, d\u00e8s le constat de cette utilisation, \u00e0 contacter le service client \u00e0 l\u2019adresse mail suivante\u00a0<b>contact@sd-corp.fr<\/b><\/p>\n<p>Les registres informatis\u00e9s, conserv\u00e9s dans les syst\u00e8mes informatiques du Vendeur dans des conditions raisonnables de s\u00e9curit\u00e9, seront consid\u00e9r\u00e9s comme des preuves des communications, des commandes et des paiements intervenus entre les parties.<\/p>\n<p>Il est express\u00e9ment convenu que, sauf erreur manifeste de la part du Vendeur, les donn\u00e9es conserv\u00e9es dans le syst\u00e8me d\u2019information du Vendeur ont force probante quant aux commandes pass\u00e9es par l\u2019Utilisateur. Les donn\u00e9es sur support informatique ou \u00e9lectronique constituent des preuves valables et en tant que telles, sont recevables dans les m\u00eames conditions et avec la m\u00eame force probante que tout document qui serait \u00e9tabli, re\u00e7u ou conserv\u00e9 par \u00e9crit.<\/p>\n<p>L\u2019archivage des bons de commande et des factures est effectu\u00e9 sur un support fiable et durable de mani\u00e8re \u00e0 correspondre \u00e0 une copie fid\u00e8le et durable conform\u00e9ment \u00e0 l\u2019<a href=\"https:\/\/biblionum.u-paris2.fr\/http\/www.lexisnexis.com:80\/fr\/droit\/search\/runremotelink.do?langcountry=fr&amp;linkinfo=f%252523fr%252523fr_code%252523art%2525251348%252525article%2525251348%252525title%252525code+civil%252525&amp;risb=21_t10559621096&amp;bct=a&amp;service=citation&amp;a=0.43528444931741406\">article\u00a01348 du Code civil<\/a>.<\/p>\n<p><b>ARTICLE 5. LIVRAISON<\/b><\/p>\n<p>Les produits offerts sur le site\u00a0<a href=\"http:\/\/www.detoximix.com\/\">www.detoximix.com<\/a>, rubrique \u00ab\u00a0Eshop\u00a0\u00bb sont uniquement disponibles pour une livraison en France m\u00e9tropolitaine et DOM TOM.<\/p>\n<p>Les frais de livraison ne sont pas compris dans les prix mentionn\u00e9s sur le site Internet et sont inclus dans une somme forfaitaire qui comprend \u00e9galement une participation aux frais de traitement de la commande.<\/p>\n<p>Cette somme forfaitaire fera bien \u00e9videmment appara\u00eetre de mani\u00e8re distincte les frais de livraison pour l\u2019achat envisag\u00e9.<\/p>\n<p>L\u2019Utilisateur doit se reporter \u00e0 la partie d\u00e9nomm\u00e9e \u00ab\u00a0Modalit\u00e9s et co\u00fbts de livraison\u00a0\u00bb du site\u00a0<a href=\"https:\/\/aquazen-design.com\">www.aquazen-design.com<\/a>\u00a0pour prendre connaissance des modalit\u00e9s, co\u00fbts d\u2019exp\u00e9dition et des services propos\u00e9s pour une livraison dans des d\u00e9lais brefs.<\/p>\n<p>Il est express\u00e9ment pr\u00e9vu que le Vendeur ne pourra \u00eatre tenu responsable des cons\u00e9quences dues \u00e0 un retard d\u2019acheminement et dans ce cas l\u2019Utilisateur sera pr\u00e9venu par courriel dans la mesure du possible.<\/p>\n<p>Les d\u00e9lais moyens observ\u00e9s pour les articles disponibles sur le site\u00a0<a href=\"https:\/\/aquazen-design.com\">www.aquazen-design.com<\/a>, rubrique \u00ab\u00a0Eshop\u00a0\u00bb sont de 10 jours pour une livraison en France m\u00e9tropolitaine.<\/p>\n<p><b>ARTICLE 6. PRIX<\/b><\/p>\n<p>Les prix sont indiqu\u00e9s en euros toutes taxes comprises. Ils tiennent compte de la TVA applicable au jour de la commande. Ces prix s\u2019entendent hors frais de port, selon le montant en vigueur.<\/p>\n<p>Tout changement du taux de TVA applicable pourra \u00eatre r\u00e9percut\u00e9 sur les prix des produits. Les prix ne pourront \u00eatre modifi\u00e9s une fois la commande du client pass\u00e9e. De m\u00eame, si une ou plusieurs taxes ou contributions, notamment environnementales venaient \u00e0 \u00eatre cr\u00e9\u00e9es ou modifi\u00e9es, en hausse comme en baisse, ce changement pourra \u00eatre r\u00e9percut\u00e9 sur le prix de vente des articles pr\u00e9sents sur le site du Vendeur et les documents de vente.<\/p>\n<p>Les prix des articles command\u00e9s sur le site et la date de la commande en question font foi.<\/p>\n<p>L\u2019Utilisateur devra par ailleurs r\u00e9gler une somme forfaitaire correspondant \u00e0 une participation aux frais de traitement de la commande ainsi qu\u2019aux frais de livraison dont le montant sera pr\u00e9cis\u00e9 sur le bon de commande avant validation de cette derni\u00e8re. Cette participation d\u00e9pend des produits command\u00e9s.<\/p>\n<p>Concernant les co\u00fbts de livraison, l\u2019Utilisateur doit se reporter sur la partie d\u00e9nomm\u00e9e \u00ab\u00a0Modalit\u00e9s et co\u00fbts de livraison\u00a0\u00bb du site\u00a0<a href=\"https:\/\/aquazen-design.com\">www.aquazen-design.com<\/a><\/p>\n<p><b>ARTICLE 7. MODALITES DE PAIEMENT<\/b><\/p>\n<p>L\u2019utilisateur a le choix de r\u00e9gler ses achats\u00a0:<\/p>\n<ul>\n<li>En ligne \u00e0 la commande par carte bancaire\u00a0: Carte bleue, e-cartebleue, Visa, Eurocard, MasterCard.<\/li>\n<li>En ligne avec votre compte PAYPAL\u00a0: en choisissant le paiement via PAYPAL, l\u2019Utilisateur est automatiquement dirig\u00e9 sur son compte PAYPAL. Une fois votre paiement PAYPAL valid\u00e9, l\u2019Utilisateur termine sa commande sur le site\u00a0<a href=\"https:\/\/aquazen-design.com\">www.aquazen-design.com<\/a><\/li>\n<\/ul>\n<p><b>ARTICLE 8. DROIT DE RETRACTATION \/ RETOUR \/ ECHANGE<\/b><\/p>\n<p>Tous les articles peuvent faire l\u2019objet d\u2019un \u00e9change ou d\u2019un remboursement. La demande d\u2019\u00e9change par l\u2019Utilisateur doit intervenir dans un d\u00e9lai de 15 jours \u00e0 compter de la date de r\u00e9ception du colis.<\/p>\n<p>Toute demande d\u2019\u00e9change formul\u00e9e hors de ce d\u00e9lai ne pourra \u00eatre accept\u00e9e.<\/p>\n<p>Si la nouvelle commande est d\u2019un montant sup\u00e9rieur, l\u2019Utilisateur devra joindre \u00e0 la demande d\u2019\u00e9change le paiement du reliquat. \u00c0 l\u2019inverse, si le montant de l\u2019\u00e9change est inf\u00e9rieur au montant initial, l\u2019Utilisateur recevra d\u00e8s r\u00e9ception de la demande un avoir\u00a0 en remboursement de la diff\u00e9rence.<\/p>\n<p>Les frais de retour sont \u00e0 la charge de l\u2019Utilisateur.<\/p>\n<p>Le pr\u00e9sent droit de retour ne pourra \u00eatre accept\u00e9 que pour les produits retourn\u00e9s en parfait \u00e9tat, dans leur emballage d\u2019origine et accompagn\u00e9s d\u2019une copie de la facture d\u2019achat dans le d\u00e9lai de 15 jours. Les articles retourn\u00e9s incomplets, ab\u00eem\u00e9s, endommag\u00e9s ou salis par l\u2019Utilisateur ne seront pas repris.<\/p>\n<p>Dans tous les cas, toute demande d\u2019\u00e9change ou de remboursement devra\u00a0:<\/p>\n<p>\u2013 \u00eatre mat\u00e9rialis\u00e9e initialement par mail via l\u2019adresse du service client\u00a0<a href=\"mailto:contact@sd-corp.fr\">contact@sd-corp.fr<\/a><\/p>\n<p>\u2013 s\u2019effectuer par la voie postale \u00e0 l\u2019adresse du Vendeur qui est la suivante\u00a0:\u00a0<b>SD CORP, 25, rue Tronchet, 75008 PARIS<\/b>,<i>\u00a0<\/i>\u00e9tant pr\u00e9cis\u00e9 que les frais de retour sont \u00e0 la charge de l\u2019Utilisateur.<\/p>\n<p>A la r\u00e9ception du retour, le Vendeur enverra un mail confirmant le remboursement de la commande qui s\u2019effectuera via la carte bancaire que l\u2019Utilisateur aura utilis\u00e9 pour passer sa commande.<\/p>\n<p>Le remboursement des produits sera effectu\u00e9 dans un d\u00e9lai inf\u00e9rieur ou \u00e9gal \u00e0 30 jours apr\u00e8s l\u2019\u00e9mission du mail \u00e9manant du Vendeur et confirmant le remboursement.<\/p>\n<p>Pour les produits livr\u00e9s d\u00e9fectueux, l\u2019Utilisateur dispose d\u2019un d\u00e9lai de 7 jours pour notifier toutes r\u00e9serves au Vendeur \u00e9tant pr\u00e9cis\u00e9 que toute r\u00e9clamation formul\u00e9e hors de ce d\u00e9lai ne pourra \u00eatre accept\u00e9e et que l\u2019Utilisateur devra renvoyer le produit en question dans l\u2019\u00e9tat dans lequel il a \u00e9t\u00e9 re\u00e7u et dans son emballage d\u2019origine (les articles retourn\u00e9s incomplets, ab\u00eem\u00e9s, endommag\u00e9s ou salis par l\u2019Utilisateur ne seront pas repris).<\/p>\n<p>L\u2019Utilisateur qui aura notifi\u00e9 au Vendeur ses r\u00e9serves sur le produit livr\u00e9 d\u00e9fectueux dans le d\u00e9lai de 7 jours b\u00e9n\u00e9ficiera alors des conditions d\u2019\u00e9change et de remboursement pr\u00e9vues ci-dessus.<\/p>\n<p><b>ARTICLE 9. GARANTIES.<\/b><\/p>\n<p>Tous les produits sont soumis \u00e0 une garantie l\u00e9gale de conformit\u00e9 (articles L.211-4 et suivants du Code de la Consommation) et une garantie contre les vices cach\u00e9s (articles 1641 et suivants du Code Civil) qui permettront \u00e0 l\u2019Utilisateur de renvoyer les articles livr\u00e9s d\u00e9fectueux.<\/p>\n<p><b>ARTICLE 10. CONFIDENTIALITE ET SECURITE<\/b><\/p>\n<p>Le Vendeur met en oeuvre tous les moyens pour assurer la confidentialit\u00e9 et la s\u00e9curit\u00e9 des donn\u00e9es transmises sur le web. \u00c0 ce titre, le site Internet\u00a0<a href=\"https:\/\/aquazen-design.com\">www.aquazen-design.com<\/a>\u00a0utilise les services de la plate-forme de paiement s\u00e9curis\u00e9e XXXXXXXX.<\/p>\n<p>Ainsi l\u2019Utilisateur qui inscrit ses donn\u00e9es bancaires aura directement acc\u00e8s \u00e0 cette plateforme bancaire qui fait l\u2019objet d\u2019un syst\u00e8me de s\u00e9curisation optimale. Le num\u00e9ro de la carte bancaire ne transite pas en clair sur internet et est directement achemin\u00e9 sur le serveur s\u00e9curis\u00e9 du partenaire bancaire du Vendeur.<\/p>\n<p><b>ARTICLE 11. DONNEES PERSONNELLES.<\/b><\/p>\n<p>Le Vendeur se r\u00e9serve le droit de collecter des donn\u00e9es sur l\u2019Utilisateur, notamment par l\u2019utilisation de cookies.<\/p>\n<p>Le Vendeur peut, pour des raisons commerciales, transmettre \u00e0 un partenaire commercial l\u2019identit\u00e9 et les coordonn\u00e9es des Utilisateurs des services.<\/p>\n<p>L\u2019Utilisateur peut express\u00e9ment s\u2019opposer \u00e0 la divulgation de ses coordonn\u00e9es lors de la commande. Pour cela il lui suffit de le signaler en remplissant le formulaire de contact depuis le site.<\/p>\n<p>L\u2019Utilisateur est inform\u00e9 que ce traitement automatis\u00e9 d\u2019informations, a fait l\u2019objet d\u2019une d\u00e9claration \u00e0 la CNIL sous le num\u00e9ro XXXXXXX en date du XX\/XX\/2018.<\/p>\n<p>Conform\u00e9ment \u00e0 la\u00a0<a href=\"https:\/\/biblionum.u-paris2.fr\/http\/www.lexisnexis.com:80\/fr\/droit\/search\/runremotelink.do?langcountry=fr&amp;linkinfo=f%252523fr%252523fr_acts%252523enactdate%25252519780106%252525acttype%252525loi%252525sel1%2525251978%252525&amp;risb=21_t10559621096&amp;bct=a&amp;service=citation&amp;a=0.6105594073917393\">loi du 6\u00a0janvier 1978<\/a>\u00a0modifi\u00e9e, l\u2019Utilisateur dispose d\u2019un droit d\u2019acc\u00e8s, d\u2019opposition, et de rectification des donn\u00e9es le concernant, soit directement sur Internet, soit par courrier en \u00e9crivant au Vendeur, \u00e0 l\u2019adresse suivante\u00a0:<\/p>\n<p>SD CORP<\/p>\n<p>25 rue Tronchet<\/p>\n<p>75008 PARIS<\/p>\n<p><b>ARTICLE 12. RESPONSABILITE<\/b><\/p>\n<p>Le Vendeur a pour toutes les \u00e9tapes de prise de commande ainsi que pour les \u00e9tapes post\u00e9rieures \u00e0 la conclusion du contrat (transport des produits, par exemple) une obligation de moyens.<\/p>\n<p>Le Vendeur s\u2019engage \u00e0 d\u00e9crire avec la plus grande exactitude les produits vendus sur son site.<\/p>\n<p>Dans tous les cas, la responsabilit\u00e9 du Vendeur ne pourrait \u00eatre engag\u00e9e dans le cas o\u00f9 l\u2019inex\u00e9cution de ses obligations serait imputable soit au fait impr\u00e9visible et insurmontable d\u2019un tiers au contrat soit \u00e0 un cas de force majeure telle que d\u00e9finie par la jurisprudence fran\u00e7aise.<\/p>\n<p>De m\u00eame, la responsabilit\u00e9 du Vendeur ne saurait \u00eatre engag\u00e9e pour tous les inconv\u00e9nients ou dommages inh\u00e9rents \u00e0 l\u2019utilisation du r\u00e9seau Internet, notamment une rupture de service, une intrusion ext\u00e9rieure ou la pr\u00e9sence de virus informatiques.<\/p>\n<p><b>ARTICLE 13. PROPRIETE INTELLECTUELLE<\/b><\/p>\n<p>Tous les \u00e9l\u00e9ments du site du Vendeur, qu\u2019ils soient visuels ou sonores, y compris la technologie sous-jacente, sont prot\u00e9g\u00e9s par le droit d\u2019auteur, des marques ou des brevets.<\/p>\n<p>L\u2019Utilisateur reconna\u00eet \u00e0 cet effet et de mani\u00e8re expresse que l\u2019ensemble de ces \u00e9l\u00e9ments, couverts par un droit de propri\u00e9t\u00e9 intellectuelle et\/ou industrielle, est la propri\u00e9t\u00e9 soit du Vendeur, soit des entit\u00e9s qui ont octroy\u00e9 une licence d\u2019utilisation au Vendeur.<\/p>\n<p>Ces \u00e9l\u00e9ments ne pourront donc \u00eatre utilis\u00e9s par l\u2019Utilisateur sous peine de contrefa\u00e7on.<\/p>\n<p><b>ARTICLE 14. DUREE<\/b><\/p>\n<p>Les pr\u00e9sentes conditions s\u2019appliquent pendant toute la dur\u00e9e de mise en ligne des produits offerts par le Vendeur sur le site\u00a0<a href=\"http:\/\/www.detoximix.com\/\">www.detoximix.com<\/a>, rubrique \u00ab\u00a0Eshop\u00a0\u00bb.<\/p>\n<p><b>ARTICLE 15. INTEGRALITE DU CONTRAT<\/b><\/p>\n<p>Les parties reconnaissent que le pr\u00e9sent contrat constitue l\u2019int\u00e9gralit\u00e9 de l\u2019accord conclu entre elles et se substitue \u00e0 toute offre, disposition ou accord ant\u00e9rieurs, \u00e9crits ou verbaux.<\/p>\n<p><b>ARTICLE 16. MODIFICATION DU CONTRAT<\/b><\/p>\n<p>Aucun document post\u00e9rieur, aucune modification du contrat quelle qu\u2019en soit la forme ne produira d\u2019effet entre les parties sans prendre la forme d\u2019un avenant d\u00fbment dat\u00e9 et sign\u00e9 par elles.<\/p>\n<p><b>ARTICLE 17. NULLITE<\/b><\/p>\n<p>Si l\u2019une quelconque des stipulations du pr\u00e9sent contrat s\u2019av\u00e9rait nulle au regard d\u2019une r\u00e8gle de droit en vigueur ou d\u2019une d\u00e9cision judiciaire devenue d\u00e9finitive, elle serait alors r\u00e9put\u00e9e non \u00e9crite, sans pour autant entra\u00eener la nullit\u00e9 du contrat ni alt\u00e9rer la validit\u00e9 de ses autres dispositions.<\/p>\n<p><b>ARTICLE 18. RENONCIATION<\/b><\/p>\n<p>Le fait que l\u2019une ou l\u2019autre des parties ne revendique pas l\u2019application d\u2019une clause quelconque du contrat ou acquiesce \u00e0 son inex\u00e9cution, que ce soit de mani\u00e8re permanente ou temporaire, ne pourra \u00eatre interpr\u00e9t\u00e9 comme une renonciation par cette partie aux droits qui d\u00e9coulent pour elle de ladite clause.<\/p>\n<p><b>ARTICLE 19. DOMICILIATION<\/b><\/p>\n<p>Les parties \u00e9lisent domicile aux adresses indiqu\u00e9es sur le bon de commande pour l\u2019Utilisateur et \u00e0 l\u2019adresse figurant sur le site pour le Vendeur<\/p>\n<p><b>ARTICLE 20. DROIT APPLICABLE ET DIFFERENDS<\/b><\/p>\n<p>Les pr\u00e9sentes conditions sont soumises \u00e0 la loi fran\u00e7aise.<\/p>\n<p>Le tribunal comp\u00e9tent en cas de litige sera celui du lieu de domicile du d\u00e9fendeur ou, au choix du d\u00e9fendeur, du lieu de livraison effective du produit.[\/vc_column_text][\/vc_column][\/vc_row]<\/p>\n","protected":false},"excerpt":{"rendered":"<p>[vc_row][vc_column width=\u00a0\u00bb1\/1&Prime;][vc_column_text]CONDITIONS GENERALES DE VENTE DU SITE\u00a0 AQUAZEN-DESIGN RUBRIQUE \u00ab\u00a0ESHOP\u00a0\u00bb ENTRE LES SOUSSIGNEES\u00a0: SD CORP Soci\u00e9t\u00e9 par actions simplifi\u00e9e au [&hellip;]<\/p>\n","protected":false},"author":1,"featured_media":0,"parent":0,"menu_order":0,"comment_status":"closed","ping_status":"closed","template":"","meta":[],"_links":{"self":[{"href":"https:\/\/aquazen-design.com\/index.php\/wp-json\/wp\/v2\/pages\/110"}],"collection":[{"href":"https:\/\/aquazen-design.com\/index.php\/wp-json\/wp\/v2\/pages"}],"about":[{"href":"https:\/\/aquazen-design.com\/index.php\/wp-json\/wp\/v2\/types\/page"}],"author":[{"embeddable":true,"href":"https:\/\/aquazen-design.com\/index.php\/wp-json\/wp\/v2\/users\/1"}],"replies":[{"embeddable":true,"href":"https:\/\/aquazen-design.com\/index.php\/wp-json\/wp\/v2\/comments?post=110"}],"version-history":[{"count":0,"href":"https:\/\/aquazen-design.com\/index.php\/wp-json\/wp\/v2\/pages\/110\/revisions"}],"wp:attachment":[{"href":"https:\/\/aquazen-design.com\/index.php\/wp-json\/wp\/v2\/media?parent=110"}],"curies":[{"name":"wp","href":"https:\/\/api.w.org\/{rel}","templated":true}]}}